{"id":1568,"date":"2023-10-29T10:25:30","date_gmt":"2023-10-29T10:25:30","guid":{"rendered":"https:\/\/usher-consulting.com\/politique-de-confidentialite\/"},"modified":"2024-08-06T15:52:25","modified_gmt":"2024-08-06T15:52:25","slug":"politique-de-confidentialite","status":"publish","type":"page","link":"https:\/\/usher-consulting.com\/fr\/politique-de-confidentialite\/","title":{"rendered":"Politique de confidentialit\u00e9"},"content":{"rendered":"\t\t<div data-elementor-type=\"wp-page\" data-elementor-id=\"1568\" class=\"elementor elementor-1568 elementor-3\" data-elementor-post-type=\"page\">\n\t\t\t\t\t\t<section class=\"elementor-section elementor-top-section elementor-element elementor-element-b60783b elementor-section-height-min-height elementor-section-boxed elementor-section-height-default elementor-section-items-middle\" data-id=\"b60783b\" data-element_type=\"section\" data-e-type=\"section\" data-settings=\"{&quot;background_background&quot;:&quot;classic&quot;}\">\n\t\t\t\t\t\t\t<div class=\"elementor-background-overlay\"><\/div>\n\t\t\t\t\t\t\t<div class=\"elementor-container elementor-column-gap-default\">\n\t\t\t\t\t<div class=\"elementor-column elementor-col-100 elementor-top-column elementor-element elementor-element-ca2e8a2\" data-id=\"ca2e8a2\" data-element_type=\"column\" data-e-type=\"column\">\n\t\t\t<div class=\"elementor-widget-wrap elementor-element-populated\">\n\t\t\t\t\t\t<div class=\"elementor-element elementor-element-4e1b72e de_scroll_animation_no elementor-widget elementor-widget-page-title\" data-id=\"4e1b72e\" data-element_type=\"widget\" data-e-type=\"widget\" data-settings=\"{&quot;align&quot;:&quot;center&quot;}\" data-widget_type=\"page-title.default\">\n\t\t\t\t<div class=\"elementor-widget-container\">\n\t\t\t\t\t\t\t\n\t\t<div class=\"hfe-page-title hfe-page-title-wrapper elementor-widget-heading\">\n\n\t\t\t\t\t\t\t\t\t\t\t<a href=\"https:\/\/usher-consulting.com\/fr\/\">\n\t\t\t\t\t\t<h2 class=\"elementor-heading-title elementor-size-default\">\n\t\t\t\t\t\t\t\t\n\t\t\t\tPolitique de confidentialit\u00e9  \n\t\t\t<\/h2 > \n\t\t\t\t\t\t\t\t\t<\/a>\n\t\t\t\t\t<\/div>\n\t\t\t\t\t\t<\/div>\n\t\t\t\t<\/div>\n\t\t\t\t\t<\/div>\n\t\t<\/div>\n\t\t\t\t\t<\/div>\n\t\t<\/section>\n\t\t<div class=\"elementor-element elementor-element-35cd701a e-flex e-con-boxed e-con e-parent\" data-id=\"35cd701a\" data-element_type=\"container\" data-e-type=\"container\">\n\t\t\t\t\t<div class=\"e-con-inner\">\n\t\t\t\t<div class=\"elementor-element elementor-element-b62899d de_scroll_animation_no elementor-widget elementor-widget-text-editor\" data-id=\"b62899d\" data-element_type=\"widget\" data-e-type=\"widget\" data-widget_type=\"text-editor.default\">\n\t\t\t\t<div class=\"elementor-widget-container\">\n\t\t\t\t\t\t\t\t\t<p><strong>POLITIQUE DE CONFIDENTIALIT\u00c9 &#8211; PROTECTION DES DONN\u00c9ES :<\/strong><\/p>\n<p>&#8211; Conform\u00e9ment au r\u00e8glement (UE) 2016\/679 du 27 avril (GDPR) et \u00e0 la loi organique 3\/2018 du 5 d\u00e9cembre (LOPDGDD), nous vous informons que les donn\u00e9es personnelles, y compris votre adresse e-mail, seront trait\u00e9es sous la responsabilit\u00e9 de USHER PROFESSIONAL S.L.. &#8211; Le traitement de vos donn\u00e9es personnelles est effectu\u00e9 sur la base d&rsquo;un int\u00e9r\u00eat l\u00e9gitime, tel que l&rsquo;ex\u00e9cution n\u00e9cessaire de la relation contractuelle avec l&rsquo;int\u00e9ress\u00e9, ou en raison du consentement donn\u00e9 lors de la fourniture de vos donn\u00e9es personnelles, qui seront conserv\u00e9es tant qu&rsquo;aucune partie ne s&rsquo;y opposera et, dans tous les cas, dans les d\u00e9lais n\u00e9cessaires pour r\u00e9pondre aux obligations l\u00e9gales.\n&#8211; Les donn\u00e9es ne seront pas communiqu\u00e9es \u00e0 des tiers, sauf en cas d&rsquo;obligation l\u00e9gale.\n&#8211; Vous \u00eates inform\u00e9 que vous pouvez exercer les droits d&rsquo;acc\u00e8s, de rectification, de portabilit\u00e9, d&rsquo;effacement de vos donn\u00e9es, de limitation et d&rsquo;opposition \u00e0 leur traitement en vous adressant \u00e0 [indicate address and email].\n&#8211; Vous \u00eates \u00e9galement inform\u00e9 que l&rsquo;autorit\u00e9 de contr\u00f4le est l&rsquo;Agence espagnole de protection des donn\u00e9es, <a href=\"http:\/\/www.aepd.es\" target=\"_new\" rel=\"noreferrer\">www.aepd.es.<\/a>   <\/p>\n<p><strong>AVIS JURIDIQUE :<\/strong><\/p>\n<p>Vous acc\u00e9dez volontairement \u00e0 ce portail web, ce qui implique votre n\u00e9cessaire acceptation des pr\u00e9sentes conditions g\u00e9n\u00e9rales, ainsi que de celles relatives \u00e0 la politique de confidentialit\u00e9 et \u00e0 la protection des donn\u00e9es personnelles.<\/p>\n<p>1.- Informations l\u00e9gales.\nConform\u00e9ment \u00e0 la loi 34\/2002 du 11 juillet sur les services de la soci\u00e9t\u00e9 de l&rsquo;information et le commerce \u00e9lectronique, le propri\u00e9taire de ce site web corporatif est identifi\u00e9 comme suit : USHER PROFESSIONAL S.L. C\/ JUAN DE MENA 8 4\u00ba IZ, MADRID CIF : B70872460 Donn\u00e9es d&rsquo;enregistrement : Inscrite au registre du commerce de Madrid, feuille M-818592, volume 46630, page 160.\nCoordonn\u00e9es : customer-service@usher-consulting.com  <\/p>\n<p>L&rsquo;acc\u00e8s \u00e0 ce site web est gratuit et implique l&rsquo;acceptation expresse par l&rsquo;utilisateur des pr\u00e9sentes conditions g\u00e9n\u00e9rales d&rsquo;utilisation, qui peuvent \u00eatre modifi\u00e9es en tout ou en partie, ou remplac\u00e9es par d&rsquo;autres \u00e0 tout moment par son propri\u00e9taire.\nC&rsquo;est pourquoi il est recommand\u00e9 de lire cet avis juridique, ainsi que la politique de confidentialit\u00e9, chaque fois que vous acc\u00e9dez au portail. <\/p>\n<p>2.- Conditions g\u00e9n\u00e9rales d&rsquo;utilisation.\nLes pr\u00e9sentes conditions g\u00e9n\u00e9rales r\u00e9gissent l&rsquo;utilisation et l&rsquo;acc\u00e8s au portail Web, dans le but d&rsquo;\u00e9tablir les r\u00e8gles de conduite que l&rsquo;utilisateur doit appliquer lorsqu&rsquo;il y acc\u00e8de et y navigue.\nUSHER PROFESSIONAL S.L. offre \u00e0 l&rsquo;utilisateur la possibilit\u00e9 d&rsquo;\u00e9largir l&rsquo;information sur les services offerts par USHER PROFESSIONAL S.L., qui peuvent modifier ou compl\u00e9ter sp\u00e9cifiquement les pr\u00e9sentes conditions g\u00e9n\u00e9rales en \u00e9tablissant des conditions particuli\u00e8res sp\u00e9cifiques.  <\/p>\n<p>L&rsquo;utilisateur doit faire un usage appropri\u00e9 des contenus et des applications accessibles par le biais de ce portail, dans le respect de la loi, des pr\u00e9sentes conditions g\u00e9n\u00e9rales et, le cas \u00e9ch\u00e9ant, des conditions particuli\u00e8res sp\u00e9cifiques qui peuvent \u00eatre \u00e9tablies pour l&rsquo;acc\u00e8s \u00e0 certains services.\nL&rsquo;utilisateur respectera les droits des autres utilisateurs. <\/p>\n<p>Les pr\u00e9sentes conditions g\u00e9n\u00e9rales s&rsquo;appliquent \u00e0 toute autre entreprise participant ou directement li\u00e9e, actuellement ou \u00e0 l&rsquo;avenir, \u00e0 USHER PROFESSIONAL S.L., et dont l&rsquo;information peut \u00eatre consult\u00e9e par le biais de ce portail.<\/p>\n<p>Si une clause ou une section des pr\u00e9sentes conditions g\u00e9n\u00e9rales, qui n&rsquo;est pas essentielle \u00e0 sa validit\u00e9 et \u00e0 son efficacit\u00e9, est d\u00e9clar\u00e9e nulle ou inapplicable, la validit\u00e9 des autres clauses n&rsquo;en sera pas affect\u00e9e.<\/p>\n<p>3.- Obligations g\u00e9n\u00e9rales de l&rsquo;utilisateur.\nEn acceptant les pr\u00e9sentes conditions g\u00e9n\u00e9rales, l&rsquo;utilisateur s&rsquo;engage express\u00e9ment \u00e0 : &#8211; Ne r\u00e9aliser aucune action visant \u00e0 nuire, bloquer, endommager, d\u00e9sactiver, surcharger temporairement ou d\u00e9finitivement les fonctionnalit\u00e9s, les outils, les contenus, et\/ou l&rsquo;infrastructure du site web, emp\u00eachant ainsi son utilisation normale.\n&#8211; Le cas \u00e9ch\u00e9ant, pr\u00e9server la confidentialit\u00e9 des cl\u00e9s d&rsquo;acc\u00e8s associ\u00e9es \u00e0 votre nom d&rsquo;utilisateur, en \u00e9tant responsable de l&rsquo;utilisation de ces cl\u00e9s d&rsquo;acc\u00e8s personnelles et incessibles par des tiers.\n&#8211; Ne pas introduire ou r\u00e9aliser des contenus diffamatoires ou calomnieux \u00e0 l&rsquo;encontre de USHER PROFESSIONAL S.L. ou de l&rsquo;un de ses employ\u00e9s, travailleurs ou collaborateurs, ainsi qu&rsquo;\u00e0 l&rsquo;encontre d&rsquo;autres utilisateurs ou de soci\u00e9t\u00e9s tierces diff\u00e9rentes de USHER PROFESSIONAL S.L. &#8211; Ne pas utiliser les informations et les publications contenues dans ce portail \u00e0 des fins ill\u00e9gales et\/ou express\u00e9ment interdites par les lois, les pr\u00e9sentes conditions g\u00e9n\u00e9rales ou les conditions particuli\u00e8res sp\u00e9cifiques qui peuvent \u00eatre \u00e9tablies.\n&#8211; Ne pas r\u00e9aliser d&rsquo;activit\u00e9s qui, du fait de l&rsquo;acc\u00e8s et de l&rsquo;utilisation de ce portail, pourraient \u00eatre contraires aux droits et aux int\u00e9r\u00eats de USHER PROFESSIONAL S.L., d&rsquo;autres utilisateurs ou des clients et fournisseurs de USHER PROFESSIONAL S.L. &#8211; Ne pas utiliser ce portail ou ses contenus pour offrir ou distribuer des produits et des services \u00e0 d&rsquo;autres utilisateurs de ce portail ou \u00e0 des clients ou des collaborateurs de USHER PROFESSIONAL S.L.    <\/p>\n<p>L&rsquo;Utilisateur est le seul responsable des dommages et pr\u00e9judices que USHER PROFESSIONAL S.L., ses travailleurs et collaborateurs, et tout autre Utilisateur ou tiers pourraient subir en raison de la violation des obligations auxquelles l&rsquo;Utilisateur est soumis par le biais des pr\u00e9sentes Conditions g\u00e9n\u00e9rales, ou des lois applicables en mati\u00e8re d&rsquo;acc\u00e8s et\/ou d&rsquo;utilisation de ce portail.<\/p>\n<p>4.- Propri\u00e9t\u00e9 intellectuelle et industrielle.\nDroits de propri\u00e9t\u00e9 intellectuelle : Le portail de USHER PROFESSIONAL S.L., y compris, mais sans s&rsquo;y limiter, tous ses contenus et informations, textes, photographies, autres contenus audiovisuels, codes, sch\u00e9mas, montages et expositions, est prot\u00e9g\u00e9 par la l\u00e9gislation en vigueur en mati\u00e8re de propri\u00e9t\u00e9 intellectuelle et appartient \u00e0 USHER PROFESSIONAL S.L. ou \u00e0 quiconque les a c\u00e9d\u00e9s \u00e0 USHER PROFESSIONAL S.L. de mani\u00e8re volontaire et dans le cadre de la relation contractuelle ou de l&rsquo;affectation professionnelle correspondante : USHER PROFESSIONAL S.L. est propri\u00e9taire des marques, noms commerciaux, autres signes distinctifs, logos, etc., soumis \u00e0 la l\u00e9gislation en vigueur en mati\u00e8re de protection industrielle.\nLe simple fait d&rsquo;acc\u00e9der \u00e0 ce portail ou d&rsquo;y naviguer n&rsquo;implique aucun droit ou licence sur ceux-ci en faveur de l&rsquo;utilisateur.  <\/p>\n<p>5.- Liens vers d&rsquo;autres portails ou sites Internet.\nUSHER PROFESSIONAL S.L. peut avoir accept\u00e9 d&rsquo;acc\u00e9der \u00e0 des sites Web ou \u00e0 des portails de tiers dans le seul but de faciliter la navigation de l&rsquo;Utilisateur.\nEn aucun cas USHER PROFESSIONAL S.L. ne sera responsable des contenus, droits, engagements ou obligations qui pourraient \u00eatre \u00e9tablis implicitement ou explicitement par des tiers diff\u00e9rents de USHER PROFESSIONAL S.L.  <\/p>\n<p>6.- Exclusion de la responsabilit\u00e9.\n6.1.\nCaract\u00e8re technique.\nUSHER PROFESSIONAL S.L. ne garantit pas l&rsquo;acc\u00e8s continu, la visualisation correcte, le t\u00e9l\u00e9chargement ou l&rsquo;utilit\u00e9 des \u00e9l\u00e9ments et de l&rsquo;information contenus dans les pages du portail qui peuvent \u00eatre emp\u00each\u00e9s, entrav\u00e9s ou interrompus par des facteurs ou des circonstances ind\u00e9pendants de sa volont\u00e9 ou de son contr\u00f4le, ni ceux produits par l&rsquo;existence de virus informatiques sur le r\u00e9seau Internet.\nUSHER PROFESSIONAL S.L. n&rsquo;assume aucune responsabilit\u00e9 pour les dommages, pertes, r\u00e9clamations ou d\u00e9penses caus\u00e9s par :\n(i) des interf\u00e9rences, interruptions, d\u00e9faillances, omissions, retards, blocages ou d\u00e9connexions dus \u00e0 des erreurs dans les lignes et les r\u00e9seaux de t\u00e9l\u00e9communication ou \u00e0 toute autre cause \u00e9chappant au contr\u00f4le d&rsquo;USHER PROFESSIONAL S.L.\n(ii) Les intrusions ill\u00e9gitimes par l&rsquo;utilisation de programmes malveillants de toute nature et par tout moyen de communication, tels que les virus informatiques ou autres ;\n(iii) l&rsquo;utilisation incorrecte ou inappropri\u00e9e du site Internet de USHER PROFESSIONAL S.L.\n(iv) Erreurs ou failles de s\u00e9curit\u00e9 ou de navigation produites par un mauvais fonctionnement du navigateur ou par l&rsquo;utilisation de versions obsol\u00e8tes.        <\/p>\n<p>6.2.\nIn relation to the information and content of the web portal.\nThe contents of the portal in no way constitute a recommendation, right, obligation, or commitment by or for the benefit of USHER PROFESSIONAL S.L., nor by or for the benefit of the portal&rsquo;s Users.\nUSHER PROFESSIONAL S.L. assumes no responsibility for decisions made by third parties based on the information or content obtained from the web portal.   <\/p>\n<p>7.- Protection des donn\u00e9es personnelles.\nPour plus d&rsquo;informations sur le traitement de vos donn\u00e9es personnelles, veuillez vous r\u00e9f\u00e9rer \u00e0 la section Politique de confidentialit\u00e9 de ce portail. <\/p>\n<p>8.- L\u00e9gislation et juridiction.\nLe pr\u00e9sent avis juridique et ses conditions g\u00e9n\u00e9rales seront r\u00e9gis et interpr\u00e9t\u00e9s conform\u00e9ment \u00e0 la l\u00e9gislation espagnole.\nSauf disposition l\u00e9gale contraire, tout conflit li\u00e9 \u00e0 l&rsquo;interpr\u00e9tation, l&rsquo;utilisation ou la prestation d\u00e9riv\u00e9e de l&rsquo;acc\u00e8s \u00e0 ce portail et\/ou aux services fournis par USHER PROFESSIONAL S.L. sera soumis aux tribunaux de la capitale madril\u00e8ne.  <\/p>\n\t\t\t\t\t\t\t\t<\/div>\n\t\t\t\t<\/div>\n\t\t\t\t\t<\/div>\n\t\t\t\t<\/div>\n\t\t\t\t<\/div>\n\t\t","protected":false},"excerpt":{"rendered":"<p>POLITIQUE DE CONFIDENTIALIT\u00c9 &#8211; PROTECTION DES DONN\u00c9ES : &#8211; Conform\u00e9ment au r\u00e8glement (UE) 2016\/679 du 27 avril (GDPR) et \u00e0 la loi organique 3\/2018 du 5 d\u00e9cembre (LOPDGDD), nous vous informons que les donn\u00e9es personnelles, y compris votre adresse e-mail, seront trait\u00e9es sous la responsabilit\u00e9 de USHER PROFESSIONAL S.L.. &#8211; Le traitement de vos donn\u00e9es [&hellip;]<\/p>\n","protected":false},"author":1,"featured_media":0,"parent":0,"menu_order":0,"comment_status":"closed","ping_status":"open","template":"","meta":{"footnotes":""},"class_list":["post-1568","page","type-page","status-publish","hentry"],"yoast_head":"<!-- This site is optimized with the Yoast SEO plugin v27.4 - https:\/\/yoast.com\/product\/yoast-seo-wordpress\/ -->\n<title>Politique de confidentialit\u00e9 - USHER CONSULTING<\/title>\n<meta name=\"robots\" content=\"index, follow, max-snippet:-1, max-image-preview:large, max-video-preview:-1\" \/>\n<link rel=\"canonical\" href=\"https:\/\/usher-consulting.com\/fr\/politique-de-confidentialite\/\" \/>\n<meta property=\"og:locale\" content=\"fr_FR\" \/>\n<meta property=\"og:type\" content=\"article\" \/>\n<meta property=\"og:title\" content=\"Politique de confidentialit\u00e9 - USHER CONSULTING\" \/>\n<meta property=\"og:description\" content=\"POLITIQUE DE CONFIDENTIALIT\u00c9 &#8211; PROTECTION DES DONN\u00c9ES : &#8211; Conform\u00e9ment au r\u00e8glement (UE) 2016\/679 du 27 avril (GDPR) et \u00e0 la loi organique 3\/2018 du 5 d\u00e9cembre (LOPDGDD), nous vous informons que les donn\u00e9es personnelles, y compris votre adresse e-mail, seront trait\u00e9es sous la responsabilit\u00e9 de USHER PROFESSIONAL S.L.. &#8211; Le traitement de vos donn\u00e9es [&hellip;]\" \/>\n<meta property=\"og:url\" content=\"https:\/\/usher-consulting.com\/fr\/politique-de-confidentialite\/\" \/>\n<meta property=\"og:site_name\" content=\"USHER CONSULTING\" \/>\n<meta property=\"article:modified_time\" content=\"2024-08-06T15:52:25+00:00\" \/>\n<meta name=\"twitter:card\" content=\"summary_large_image\" \/>\n<meta name=\"twitter:label1\" content=\"Dur\u00e9e de lecture estim\u00e9e\" \/>\n\t<meta name=\"twitter:data1\" content=\"7 minutes\" \/>\n<script type=\"application\/ld+json\" class=\"yoast-schema-graph\">{\"@context\":\"https:\\\/\\\/schema.org\",\"@graph\":[{\"@type\":\"WebPage\",\"@id\":\"https:\\\/\\\/usher-consulting.com\\\/fr\\\/politique-de-confidentialite\\\/\",\"url\":\"https:\\\/\\\/usher-consulting.com\\\/fr\\\/politique-de-confidentialite\\\/\",\"name\":\"Politique de confidentialit\u00e9 - USHER CONSULTING\",\"isPartOf\":{\"@id\":\"https:\\\/\\\/usher-consulting.com\\\/fr\\\/#website\"},\"datePublished\":\"2023-10-29T10:25:30+00:00\",\"dateModified\":\"2024-08-06T15:52:25+00:00\",\"breadcrumb\":{\"@id\":\"https:\\\/\\\/usher-consulting.com\\\/fr\\\/politique-de-confidentialite\\\/#breadcrumb\"},\"inLanguage\":\"fr-FR\",\"potentialAction\":[{\"@type\":\"ReadAction\",\"target\":[\"https:\\\/\\\/usher-consulting.com\\\/fr\\\/politique-de-confidentialite\\\/\"]}]},{\"@type\":\"BreadcrumbList\",\"@id\":\"https:\\\/\\\/usher-consulting.com\\\/fr\\\/politique-de-confidentialite\\\/#breadcrumb\",\"itemListElement\":[{\"@type\":\"ListItem\",\"position\":1,\"name\":\"Home\",\"item\":\"https:\\\/\\\/usher-consulting.com\\\/fr\\\/\"},{\"@type\":\"ListItem\",\"position\":2,\"name\":\"Politique de confidentialit\u00e9\"}]},{\"@type\":\"WebSite\",\"@id\":\"https:\\\/\\\/usher-consulting.com\\\/fr\\\/#website\",\"url\":\"https:\\\/\\\/usher-consulting.com\\\/fr\\\/\",\"name\":\"USHER CONSULTING\",\"description\":\"Creaci&oacute;n de valor para private equity y empresas\",\"publisher\":{\"@id\":\"https:\\\/\\\/usher-consulting.com\\\/fr\\\/#organization\"},\"potentialAction\":[{\"@type\":\"SearchAction\",\"target\":{\"@type\":\"EntryPoint\",\"urlTemplate\":\"https:\\\/\\\/usher-consulting.com\\\/fr\\\/?s={search_term_string}\"},\"query-input\":{\"@type\":\"PropertyValueSpecification\",\"valueRequired\":true,\"valueName\":\"search_term_string\"}}],\"inLanguage\":\"fr-FR\"},{\"@type\":\"Organization\",\"@id\":\"https:\\\/\\\/usher-consulting.com\\\/fr\\\/#organization\",\"name\":\"USHER CONSULTING\",\"url\":\"https:\\\/\\\/usher-consulting.com\\\/fr\\\/\",\"logo\":{\"@type\":\"ImageObject\",\"inLanguage\":\"fr-FR\",\"@id\":\"https:\\\/\\\/usher-consulting.com\\\/fr\\\/#\\\/schema\\\/logo\\\/image\\\/\",\"url\":\"https:\\\/\\\/usher-consulting.com\\\/wp-content\\\/uploads\\\/2024\\\/04\\\/logo_usher7.svg\",\"contentUrl\":\"https:\\\/\\\/usher-consulting.com\\\/wp-content\\\/uploads\\\/2024\\\/04\\\/logo_usher7.svg\",\"width\":400,\"height\":133,\"caption\":\"USHER CONSULTING\"},\"image\":{\"@id\":\"https:\\\/\\\/usher-consulting.com\\\/fr\\\/#\\\/schema\\\/logo\\\/image\\\/\"}}]}<\/script>\n<!-- \/ Yoast SEO plugin. -->","yoast_head_json":{"title":"Politique de confidentialit\u00e9 - USHER CONSULTING","robots":{"index":"index","follow":"follow","max-snippet":"max-snippet:-1","max-image-preview":"max-image-preview:large","max-video-preview":"max-video-preview:-1"},"canonical":"https:\/\/usher-consulting.com\/fr\/politique-de-confidentialite\/","og_locale":"fr_FR","og_type":"article","og_title":"Politique de confidentialit\u00e9 - USHER CONSULTING","og_description":"POLITIQUE DE CONFIDENTIALIT\u00c9 &#8211; PROTECTION DES DONN\u00c9ES : &#8211; Conform\u00e9ment au r\u00e8glement (UE) 2016\/679 du 27 avril (GDPR) et \u00e0 la loi organique 3\/2018 du 5 d\u00e9cembre (LOPDGDD), nous vous informons que les donn\u00e9es personnelles, y compris votre adresse e-mail, seront trait\u00e9es sous la responsabilit\u00e9 de USHER PROFESSIONAL S.L.. &#8211; Le traitement de vos donn\u00e9es [&hellip;]","og_url":"https:\/\/usher-consulting.com\/fr\/politique-de-confidentialite\/","og_site_name":"USHER CONSULTING","article_modified_time":"2024-08-06T15:52:25+00:00","twitter_card":"summary_large_image","twitter_misc":{"Dur\u00e9e de lecture estim\u00e9e":"7 minutes"},"schema":{"@context":"https:\/\/schema.org","@graph":[{"@type":"WebPage","@id":"https:\/\/usher-consulting.com\/fr\/politique-de-confidentialite\/","url":"https:\/\/usher-consulting.com\/fr\/politique-de-confidentialite\/","name":"Politique de confidentialit\u00e9 - USHER CONSULTING","isPartOf":{"@id":"https:\/\/usher-consulting.com\/fr\/#website"},"datePublished":"2023-10-29T10:25:30+00:00","dateModified":"2024-08-06T15:52:25+00:00","breadcrumb":{"@id":"https:\/\/usher-consulting.com\/fr\/politique-de-confidentialite\/#breadcrumb"},"inLanguage":"fr-FR","potentialAction":[{"@type":"ReadAction","target":["https:\/\/usher-consulting.com\/fr\/politique-de-confidentialite\/"]}]},{"@type":"BreadcrumbList","@id":"https:\/\/usher-consulting.com\/fr\/politique-de-confidentialite\/#breadcrumb","itemListElement":[{"@type":"ListItem","position":1,"name":"Home","item":"https:\/\/usher-consulting.com\/fr\/"},{"@type":"ListItem","position":2,"name":"Politique de confidentialit\u00e9"}]},{"@type":"WebSite","@id":"https:\/\/usher-consulting.com\/fr\/#website","url":"https:\/\/usher-consulting.com\/fr\/","name":"USHER CONSULTING","description":"Creaci&oacute;n de valor para private equity y empresas","publisher":{"@id":"https:\/\/usher-consulting.com\/fr\/#organization"},"potentialAction":[{"@type":"SearchAction","target":{"@type":"EntryPoint","urlTemplate":"https:\/\/usher-consulting.com\/fr\/?s={search_term_string}"},"query-input":{"@type":"PropertyValueSpecification","valueRequired":true,"valueName":"search_term_string"}}],"inLanguage":"fr-FR"},{"@type":"Organization","@id":"https:\/\/usher-consulting.com\/fr\/#organization","name":"USHER CONSULTING","url":"https:\/\/usher-consulting.com\/fr\/","logo":{"@type":"ImageObject","inLanguage":"fr-FR","@id":"https:\/\/usher-consulting.com\/fr\/#\/schema\/logo\/image\/","url":"https:\/\/usher-consulting.com\/wp-content\/uploads\/2024\/04\/logo_usher7.svg","contentUrl":"https:\/\/usher-consulting.com\/wp-content\/uploads\/2024\/04\/logo_usher7.svg","width":400,"height":133,"caption":"USHER CONSULTING"},"image":{"@id":"https:\/\/usher-consulting.com\/fr\/#\/schema\/logo\/image\/"}}]}},"_links":{"self":[{"href":"https:\/\/usher-consulting.com\/fr\/wp-json\/wp\/v2\/pages\/1568","targetHints":{"allow":["GET"]}}],"collection":[{"href":"https:\/\/usher-consulting.com\/fr\/wp-json\/wp\/v2\/pages"}],"about":[{"href":"https:\/\/usher-consulting.com\/fr\/wp-json\/wp\/v2\/types\/page"}],"author":[{"embeddable":true,"href":"https:\/\/usher-consulting.com\/fr\/wp-json\/wp\/v2\/users\/1"}],"replies":[{"embeddable":true,"href":"https:\/\/usher-consulting.com\/fr\/wp-json\/wp\/v2\/comments?post=1568"}],"version-history":[{"count":3,"href":"https:\/\/usher-consulting.com\/fr\/wp-json\/wp\/v2\/pages\/1568\/revisions"}],"predecessor-version":[{"id":1577,"href":"https:\/\/usher-consulting.com\/fr\/wp-json\/wp\/v2\/pages\/1568\/revisions\/1577"}],"wp:attachment":[{"href":"https:\/\/usher-consulting.com\/fr\/wp-json\/wp\/v2\/media?parent=1568"}],"curies":[{"name":"wp","href":"https:\/\/api.w.org\/{rel}","templated":true}]}}